{"id":2217,"date":"2017-05-11T00:00:33","date_gmt":"2017-05-10T22:00:33","guid":{"rendered":"http:\/\/nureinkleinesklettertagebuch.de\/?page_id=2217"},"modified":"2025-06-20T15:29:25","modified_gmt":"2025-06-20T13:29:25","slug":"uebersicht-erzgebirge-routen","status":"publish","type":"page","link":"http:\/\/nureinkleinesklettertagebuch.de\/?page_id=2217","title":{"rendered":"\u00dcbersicht: Erzgebirge-Routen"},"content":{"rendered":"<p>(ab dem 7. Grad, Routen an den Greifensteinen sind hier nicht aufgef\u00fchrt)<br \/>\n<font style=\"color:#0000FF\">Blau = Rotpunkt offen<\/font><\/p>\n<table>\n<thead>\n<tr>\n<th>Grad<\/th>\n<th><\/th>\n<th>Route<\/th>\n<th>Fels<\/th>\n<th>Typ<\/th>\n<\/tr>\n<\/thead>\n<tbody>\n<tr>\n<td>9-<\/td>\n<td>***<\/td>\n<td><font style=\"color:#0000FF\">Elefantenrennen<\/font><\/td>\n<td>M\u00e4rchenwand<\/td>\n<td>Leisten, Ausdauer, steil<\/td>\n<\/tr>\n<tr>\n<td>8+<\/td>\n<td>***<\/td>\n<td>Lenis Blumengru\u00df<\/td>\n<td>Eisenbahnerbruch<\/td>\n<td>Leisten, Ausdauer, kleingriffig<\/td>\n<\/tr>\n<tr>\n<td><\/td>\n<td>**<\/td>\n<td>Globetrotter<\/td>\n<td>Schallmauer<\/td>\n<td>Leistenwand<\/td>\n<\/tr>\n<tr>\n<td><\/td>\n<td>**<\/td>\n<td>Monstermagnet<\/td>\n<td>Magnetenwand<\/td>\n<td>klasse Boulder, Startschwierigkeit<\/td>\n<\/tr>\n<tr>\n<td><\/td>\n<td>*<\/td>\n<td>Ringk. Fingern\u00e4gel<\/td>\n<td>Herrenstein<\/td>\n<td>Leistenboulder, Einzelzug<\/td>\n<\/tr>\n<tr>\n<td>8<\/td>\n<td>***<\/td>\n<td>Herbst in Peking<\/td>\n<td>Aussichtsfelsen<\/td>\n<td>bouldrig, Fingerkraft-Crux<\/td>\n<\/tr>\n<tr>\n<td><\/td>\n<td>***<\/td>\n<td>Sonnenplatte<\/td>\n<td>Herrenstein<\/td>\n<td>Leistenplatte, Fingerkraft-Crux<\/td>\n<\/tr>\n<tr>\n<td><\/td>\n<td>***<\/td>\n<td>Sofaecke<\/td>\n<td>Herrenstein<\/td>\n<td>Leistenplatte, fu\u00dftechnische-Crux<\/td>\n<\/tr>\n<tr>\n<td><\/td>\n<td>**<\/td>\n<td>Schlussakkord<\/td>\n<td>Schallmauer<\/td>\n<td>athletisch, bouldrig<\/td>\n<\/tr>\n<tr>\n<td><\/td>\n<td>**<\/td>\n<td>Opium<\/td>\n<td>Aussichtsfelsen<\/td>\n<td>Boulder, Henkel<\/td>\n<\/tr>\n<tr>\n<td><\/td>\n<td>**<\/td>\n<td>Gernegro\u00df<\/td>\n<td>Tunnelnadel<\/td>\n<td>vielseitig, technisch, Einstiegsboulder<\/td>\n<\/tr>\n<tr>\n<td><\/td>\n<td>**<\/td>\n<td>Jannik<\/td>\n<td>Teufelsstein<\/td>\n<td>durchgehend feine Kletterei, Dachcrux<\/td>\n<\/tr>\n<tr>\n<td><\/td>\n<td><\/td>\n<td>Sonnenschirm<\/td>\n<td>Wurzelspitze<\/td>\n<td>liegende, (fu\u00df)-technische Kletterei<\/td>\n<\/tr>\n<tr>\n<td>8-<\/td>\n<td>***<\/td>\n<td>Luftbr\u00fccke<\/td>\n<td>Aussichtsfelsen<\/td>\n<td>sportliches Dach<\/td>\n<\/tr>\n<tr>\n<td><\/td>\n<td>***<\/td>\n<td>Graf von Monte C.<\/td>\n<td>Herrenstein<\/td>\n<td>technische Leistenplatte, tolle Crux<\/td>\n<\/tr>\n<tr>\n<td><\/td>\n<td>**<\/td>\n<td>Plattenrutscher<\/td>\n<td>Teufelsstein<\/td>\n<td>technische Platte, kr\u00e4ftiger \u00dcberhang<\/td>\n<\/tr>\n<tr>\n<td><\/td>\n<td>**<\/td>\n<td>Vollst. Ostwand<\/td>\n<td>Teufelsstein<\/td>\n<td>sehr athletisch, kr\u00e4ftiges Blockieren, pumpig<\/td>\n<\/tr>\n<tr>\n<td><\/td>\n<td>**<\/td>\n<td>Manic Depression<\/td>\n<td>Teufelsstein<\/td>\n<td>kr\u00e4ftig, technisch, vielseitig, sehr lohnend<\/td>\n<\/tr>\n<tr>\n<td><\/td>\n<td>**<\/td>\n<td>Voll die Kante<\/td>\n<td>Teufelsstein<\/td>\n<td>sehr technische, wunderbare Kantenkletterei<\/td>\n<\/tr>\n<tr>\n<td><\/td>\n<td>**<\/td>\n<td>Architekt der Tr\u00e4ume<\/td>\n<td>M\u00e4rchenwand<\/td>\n<td>Henkel, D\u00e4chlein, kr\u00e4ftig<\/td>\n<\/tr>\n<tr>\n<td><\/td>\n<td>**<\/td>\n<td>Variante<\/td>\n<td>Wurzelspitze<\/td>\n<td>kraftvolle, Leisten-\/Henkeltour<\/td>\n<\/tr>\n<tr>\n<td><\/td>\n<td>**<\/td>\n<td>Sachsenpfeiler<\/td>\n<td>Rockenstein<\/td>\n<td>bouldriges Felsabenteuer, kraftvoll<\/td>\n<\/tr>\n<tr>\n<td><\/td>\n<td>*<\/td>\n<td>Himmelsleiter<\/td>\n<td>Rockenstein<\/td>\n<td>bouldrige (Kanten)-kletterei<\/td>\n<\/tr>\n<tr>\n<td><\/td>\n<td>*<\/td>\n<td>W.i.d. Tagesklinik<\/td>\n<td>Nonnenfels<\/td>\n<td>Boulder, abdr\u00e4ngend, knackig, anhaltend<\/td>\n<\/tr>\n<tr>\n<td><\/td>\n<td>*<\/td>\n<td>K. der J. direkt<\/td>\n<td>Teufelsstein<\/td>\n<td>kurzer, netter Boulder<\/td>\n<\/tr>\n<tr>\n<td><\/td>\n<td>*<\/td>\n<td>Icepixie<\/td>\n<td>Magnetenwand<\/td>\n<td>Leisten und Riss, abdr\u00e4ngende Wand<\/td>\n<\/tr>\n<tr>\n<td><\/td>\n<td>*<\/td>\n<td>Startschwierigkeit<\/td>\n<td>Magnetenwand<\/td>\n<td>Leistenboulder, \u00fcberh\u00e4ngend<\/td>\n<\/tr>\n<tr>\n<td><\/td>\n<td><\/td>\n<td>B\u00fcgelbrett<\/td>\n<td>Nonnenfels<\/td>\n<td>Kante, Aufrichter, evtl. zu weit rechts geklettert?<\/td>\n<\/tr>\n<tr>\n<td>7+<\/td>\n<td>***<\/td>\n<td>Genie\u00dferkante<\/td>\n<td>Herrenstein<\/td>\n<td>herrliche Kantenplatte, Leistenkletterei<\/td>\n<\/tr>\n<tr>\n<td><\/td>\n<td>**<\/td>\n<td>Headicke<\/td>\n<td>Teufelsstein<\/td>\n<td>super Sache, herrliches Dach, technisch betont<\/td>\n<\/tr>\n<tr>\n<td><\/td>\n<td>**<\/td>\n<td>Pfeilerwegsche<\/td>\n<td>Teufelsstein<\/td>\n<td>per Reibungs-\/Seitgriffe \u00fcber W\u00fclste<\/td>\n<\/tr>\n<tr>\n<td><\/td>\n<td>**<\/td>\n<td>Leni<\/td>\n<td>Teufelsstein<\/td>\n<td>technische Reibungs- und Kantenkletterei<\/td>\n<\/tr>\n<tr>\n<td><\/td>\n<td>*<\/td>\n<td>Schokoladenseite<\/td>\n<td>Tunnelnadel<\/td>\n<td>vielseitige, technisch betonte Route<\/td>\n<\/tr>\n<tr>\n<td><\/td>\n<td>*<\/td>\n<td>Knusperkante<\/td>\n<td>Tunnelnadel<\/td>\n<td>Reibungs-Piaz-Kante, oben kr\u00e4ftig<\/td>\n<\/tr>\n<tr>\n<td><\/td>\n<td>*<\/td>\n<td>Peking-Ente<\/td>\n<td>Aussichtsfelsen<\/td>\n<td>\u00dcberhang, Athletik<\/td>\n<\/tr>\n<tr>\n<td><\/td>\n<td>*<\/td>\n<td>Blaubeermund<\/td>\n<td>Teufelsstein<\/td>\n<td>technische Verschneidung und Kante, soft<\/td>\n<\/tr>\n<tr>\n<td><\/td>\n<td>*<\/td>\n<td>Freifahrt zur H\u00f6lle<\/td>\n<td>Teufelsstein<\/td>\n<td>unten piazen, Crux am D\u00e4chlein, gut<\/td>\n<\/tr>\n<tr>\n<td>7<\/td>\n<td>**<\/td>\n<td>Teufels Gro\u00dfmutter<\/td>\n<td>Teufelsstein<\/td>\n<td>gewusst wie am 2. Ring, netter Ausstieg<\/td>\n<\/tr>\n<tr>\n<td><\/td>\n<td>*<\/td>\n<td>Schall und Rauch<\/td>\n<td>Schallmauer<\/td>\n<td>Kante\/Verschn. &#8211; offene T\u00fcr<\/td>\n<\/tr>\n<tr>\n<td><\/td>\n<td>*<\/td>\n<td>Farnkante<\/td>\n<td>Teufelsstein<\/td>\n<td>Kante\/Verschneidung, technisch geniale Crux<\/td>\n<\/tr>\n<tr>\n<td><\/td>\n<td>*<\/td>\n<td>F\u00fchrungswechsel<\/td>\n<td>Teufelsstein<\/td>\n<td>drei gute Stellen, kr\u00e4ftig, technisch<\/td>\n<\/tr>\n<tr>\n<td><\/td>\n<td>*<\/td>\n<td>Kl. Weltenbummler<\/td>\n<td>Tunnelnadel<\/td>\n<td>gute, homogene Tour, toller Einstieg<\/td>\n<\/tr>\n<tr>\n<td><\/td>\n<td>*<\/td>\n<td>Blutige Schulter<\/td>\n<td>Tunnelnadel<\/td>\n<td>Erlebnis Schulter-K\u00f6rperriss, pumpend, heftig<\/td>\n<\/tr>\n<tr>\n<td><\/td>\n<td>*<\/td>\n<td>Nichts f\u00fcr Kleine<\/td>\n<td>Rockenstein<\/td>\n<td>gute, eher harte 7, zwei L\u00e4ngenz\u00fcge<\/td>\n<\/tr>\n<tr>\n<td><\/td>\n<td>*<\/td>\n<td>Skyline<\/td>\n<td>Siebenschl\u00e4fer<\/td>\n<td>athletische, abdr\u00e4ngende Kletterei<\/td>\n<\/tr>\n<tr>\n<td><\/td>\n<td>*<\/td>\n<td>Hoch das Bein<\/td>\n<td>Magnetenwand<\/td>\n<td>K\u00f6rperspannung-Seitgriff-Boulder, hart<\/td>\n<\/tr>\n<tr>\n<td><\/td>\n<td>*<\/td>\n<td>Kraftfeld<\/td>\n<td>Magnetenwand<\/td>\n<td>kurzer, \u00fcberh\u00e4ngender Boulder<\/td>\n<\/tr>\n<tr>\n<td><\/td>\n<td>*<\/td>\n<td>Keine A. keine Sch.<\/td>\n<td>Magnetenwand<\/td>\n<td>senkrechte, homogene Leistenkletterei<\/td>\n<\/tr>\n<tr>\n<td><\/td>\n<td>*<\/td>\n<td>Weggespreizt<\/td>\n<td>Nonnenfels<\/td>\n<td>physisch, abdr\u00e4ngende\/\u00fcberh\u00e4ngende Vertiefung<\/td>\n<\/tr>\n<tr>\n<td><\/td>\n<td><\/td>\n<td>Langzeitstudie<\/td>\n<td>Wurzelspitze<\/td>\n<td>Verschneidung, athletisch \u00fcberh\u00e4ngend<\/td>\n<\/tr>\n<tr>\n<td><\/td>\n<td><\/td>\n<td>R7<\/td>\n<td>Wurzelspitze<\/td>\n<td>kr\u00e4ftiger Schulterriss, Verschneidung<\/td>\n<\/tr>\n<tr>\n<td><\/td>\n<td><\/td>\n<td>Wie in Zittau<\/td>\n<td>Nonnenfels<\/td>\n<td>Einzelstelle, raue Platte<\/td>\n<\/tr>\n<tr>\n<td><\/td>\n<td><\/td>\n<td>Zum Nikolaus<\/td>\n<td>Rockenstein<\/td>\n<td>kurzer, dankbarer Boulder<\/td>\n<\/tr>\n<tr>\n<td><\/td>\n<td><\/td>\n<td>Nichts f\u00fcr Freitag<\/td>\n<td>Albertfels<\/td>\n<td>kraftvoll, gro\u00dfgriffig, ganz ok<\/td>\n<\/tr>\n<tr>\n<td>7-<\/td>\n<td>***<\/td>\n<td>Hagelverschneid.<\/td>\n<td>Teufelsstein<\/td>\n<td>technische Genussverschneidung, super<\/td>\n<\/tr>\n<tr>\n<td><\/td>\n<td>**<\/td>\n<td>Fernblick<\/td>\n<td>Aussichtsfelsen<\/td>\n<td>lang, Technik<\/td>\n<\/tr>\n<tr>\n<td><\/td>\n<td>**<\/td>\n<td>Spalte Jungfrau<\/td>\n<td>Teufelsstein<\/td>\n<td>tolle Piaz-Riss-Genusskletterei<\/td>\n<\/tr>\n<tr>\n<td><\/td>\n<td>**<\/td>\n<td>Rucksackkante<\/td>\n<td>Teufelsstein<\/td>\n<td>athletische Kantenkletterei, etwas Obacht<\/td>\n<\/tr>\n<tr>\n<td><\/td>\n<td>**<\/td>\n<td>Folge Schildkr\u00f6te<\/td>\n<td>Teufelsstein<\/td>\n<td>anhaltende Kantenkletterei gegen offene T\u00fcr<\/td>\n<\/tr>\n<tr>\n<td><\/td>\n<td>*<\/td>\n<td>Teufelsriss<\/td>\n<td>Teufelsstein<\/td>\n<td>anspruchsvolle Bewegungsprobleme, schwer<\/td>\n<\/tr>\n<tr>\n<td><\/td>\n<td>*<\/td>\n<td>Klumpfu\u00df<\/td>\n<td>Teufelsstein<\/td>\n<td>athletische 5m, weite Z\u00fcge, Seitgriffe<\/td>\n<\/tr>\n<tr>\n<td><\/td>\n<td>*<\/td>\n<td>Hei door nei<\/td>\n<td>Teufelsstein<\/td>\n<td>durchgehend wunderbares Klettern, technisch<\/td>\n<\/tr>\n<tr>\n<td><\/td>\n<td>*<\/td>\n<td>B\u00fcropfoten<\/td>\n<td>Teufelsstein<\/td>\n<td>oben richtig gut und anstrengend<\/td>\n<\/tr>\n<tr>\n<td><\/td>\n<td>*<\/td>\n<td>Talkante<\/td>\n<td>Teufelsstein<\/td>\n<td>feine Leistenkletterei unten, anschl. klassisch<\/td>\n<\/tr>\n<tr>\n<td><\/td>\n<td>*<\/td>\n<td>Teufelskante<\/td>\n<td>Teufelsstein<\/td>\n<td>clean E1\/E2, techn. schwer, fordernd<\/td>\n<\/tr>\n<tr>\n<td><\/td>\n<td>*<\/td>\n<td>H\u00f6llenvariante<\/td>\n<td>Teufelsstein<\/td>\n<td>schwere Querung nach 3. Ring, Minileisten<\/td>\n<\/tr>\n<tr>\n<td><\/td>\n<td>*<\/td>\n<td>Ronny in Zeitnot<\/td>\n<td>Teufelsstein<\/td>\n<td>verschneidungsartige Tour, nicht homogen<\/td>\n<\/tr>\n<tr>\n<td><\/td>\n<td>*<\/td>\n<td>Kaffeepause<\/td>\n<td>Albertfels<\/td>\n<td>Leistenplatte und Riss, sch\u00f6ne Kletterei<\/td>\n<\/tr>\n<tr>\n<td><\/td>\n<td>*<\/td>\n<td>Hexenkessel<\/td>\n<td>Teufelsstein<\/td>\n<td>techn. Reibung, 2. H\u00e4lfte sehr einfach<\/td>\n<\/tr>\n<tr>\n<td><\/td>\n<td>*<\/td>\n<td>Staublunge<\/td>\n<td>Magnetenwand<\/td>\n<td>Leisten, kleines Dach, anhaltend<\/td>\n<\/tr>\n<tr>\n<td><\/td>\n<td>*<\/td>\n<td>King of Pop<\/td>\n<td>Siebenschl\u00e4fer<\/td>\n<td>pumpiges \u201cHangel-Hook-Band\u201d<\/td>\n<\/tr>\n<tr>\n<td><\/td>\n<td>*<\/td>\n<td>Vater-Sohn-Kante<\/td>\n<td>Nonnenfels<\/td>\n<td>Reibungsplatte mit Kante, gute Z\u00fcge<\/td>\n<\/tr>\n<tr>\n<td><\/td>\n<td>*<\/td>\n<td>F\u00fc\u00dfeln<\/td>\n<td>Nonnenfels<\/td>\n<td>kr\u00e4ftig \u00fcber die W\u00fclste\/B\u00e4uche<\/td>\n<\/tr>\n<tr>\n<td><\/td>\n<td><\/td>\n<td>Schinderhannes<\/td>\n<td>Tunnelnadel<\/td>\n<td>Verschneidung, sehr anspruchsvoll, br\u00f6selig<\/td>\n<\/tr>\n<tr>\n<td><\/td>\n<td><\/td>\n<td>Zwiesel<\/td>\n<td>Teufelsstein<\/td>\n<td>f\u00fcnf Plattenmeter, Rest Gehgel\u00e4nde<\/td>\n<\/tr>\n<tr>\n<td>6+<\/td>\n<td>***<\/td>\n<td>Kreuz der Jungfrau<\/td>\n<td>Teufelsstein<\/td>\n<td>kraftvolle, herrlich abwechslungsreiche Tour<\/td>\n<\/tr>\n<tr>\n<td><\/td>\n<td>***<\/td>\n<td>Harz Baby<\/td>\n<td>Teufelsstein<\/td>\n<td>Top-Tour mit vielen Riss-Griffen<\/td>\n<\/tr>\n<tr>\n<td><\/td>\n<td>**<\/td>\n<td>Westwand<\/td>\n<td>Teufelsstein<\/td>\n<td>wunderbare, sehr technische Tour, gut stehen<\/td>\n<\/tr>\n<\/tbody>\n<\/table>\n","protected":false},"excerpt":{"rendered":"<p>(ab dem 7. Grad, Routen an den Greifensteinen sind hier nicht aufgef\u00fchrt) Blau = Rotpunkt offen Grad Route Fels Typ 9- *** Elefantenrennen M\u00e4rchenwand Leisten, Ausdauer, steil 8+ *** Lenis Blumengru\u00df Eisenbahnerbruch Leisten, Ausdauer, kleingriffig ** Globetrotter Schallmauer Leistenwand ** Monstermagnet Magnetenwand klasse Boulder, Startschwierigkeit * Ringk. Fingern\u00e4gel Herrenstein Leistenboulder, Einzelzug 8 *** Herbst in [&hellip;]<\/p>\n","protected":false},"author":1,"featured_media":0,"parent":0,"menu_order":5,"comment_status":"open","ping_status":"closed","template":"","meta":{"ngg_post_thumbnail":0},"_links":{"self":[{"href":"http:\/\/nureinkleinesklettertagebuch.de\/index.php?rest_route=\/wp\/v2\/pages\/2217"}],"collection":[{"href":"http:\/\/nureinkleinesklettertagebuch.de\/index.php?rest_route=\/wp\/v2\/pages"}],"about":[{"href":"http:\/\/nureinkleinesklettertagebuch.de\/index.php?rest_route=\/wp\/v2\/types\/page"}],"author":[{"embeddable":true,"href":"http:\/\/nureinkleinesklettertagebuch.de\/index.php?rest_route=\/wp\/v2\/users\/1"}],"replies":[{"embeddable":true,"href":"http:\/\/nureinkleinesklettertagebuch.de\/index.php?rest_route=%2Fwp%2Fv2%2Fcomments&post=2217"}],"version-history":[{"count":48,"href":"http:\/\/nureinkleinesklettertagebuch.de\/index.php?rest_route=\/wp\/v2\/pages\/2217\/revisions"}],"predecessor-version":[{"id":6027,"href":"http:\/\/nureinkleinesklettertagebuch.de\/index.php?rest_route=\/wp\/v2\/pages\/2217\/revisions\/6027"}],"wp:attachment":[{"href":"http:\/\/nureinkleinesklettertagebuch.de\/index.php?rest_route=%2Fwp%2Fv2%2Fmedia&parent=2217"}],"curies":[{"name":"wp","href":"https:\/\/api.w.org\/{rel}","templated":true}]}}