{"id":2197,"date":"2017-05-06T00:00:30","date_gmt":"2017-05-05T22:00:30","guid":{"rendered":"http:\/\/nureinkleinesklettertagebuch.de\/?page_id=2197"},"modified":"2025-06-20T15:24:19","modified_gmt":"2025-06-20T13:24:19","slug":"uebersicht-frankenjura-routen","status":"publish","type":"page","link":"http:\/\/nureinkleinesklettertagebuch.de\/?page_id=2197","title":{"rendered":"\u00dcbersicht: Frankenjura-Routen"},"content":{"rendered":"<p><font style=\"color:#FF0000\">Rot = sehr steil \/ \u00fcberh\u00e4ngend \/ Dach<\/font><br \/>\n<font style=\"color:#0000FF\">Blau = Rotpunkt offen<\/font><\/p>\n<table>\n<thead>\n<tr>\n<th>Grad<\/th>\n<th><\/th>\n<th>Route<\/th>\n<th>Fels<\/th>\n<th><\/th>\n<th>Typ<\/th>\n<\/tr>\n<\/thead>\n<tbody>\n<tr>\n<td>9-<\/td>\n<td>**<\/td>\n<td>Nicklas<\/td>\n<td>Geheimaktion<\/td>\n<td>Norden<\/td>\n<td>senkrecht, L\u00f6cher, Leisten<\/td>\n<\/tr>\n<tr>\n<td>8+\/9-<\/td>\n<td>***<\/td>\n<td>Tower of Power<\/td>\n<td>Glatte Wand<\/td>\n<td>S\u00fcden<\/td>\n<td>lang, senkrecht, pumpig<\/td>\n<\/tr>\n<tr>\n<td><\/td>\n<td>***<\/td>\n<td><font style=\"color:#0000FF\">Erazerhead<\/font><\/td>\n<td>Bleisteine<\/td>\n<td>Norden<\/td>\n<td>senkrecht, harte Crux oben<\/td>\n<\/tr>\n<tr>\n<td>8+<\/td>\n<td>***<\/td>\n<td>Schildkr\u00f6te<\/td>\n<td>Streitberger Schild<\/td>\n<td>S\u00fcden<\/td>\n<td>lang, senkrecht, Ausdauer, Technik<\/td>\n<\/tr>\n<tr>\n<td><\/td>\n<td>***<\/td>\n<td>Jim Panze<\/td>\n<td>Stempferm\u00fchl. W.<\/td>\n<td>S\u00fcden<\/td>\n<td>steil, l\u00f6chrig, Kraftausdauer<\/td>\n<\/tr>\n<tr>\n<td>8<\/td>\n<td>**<\/td>\n<td><font style=\"color:#FF0000\">Macker<\/font><\/td>\n<td>Bauernschm. G-W.<\/td>\n<td>S\u00fcden<\/td>\n<td>steiler, fordernder L\u00f6cher\u00fcberhang<\/td>\n<\/tr>\n<tr>\n<td><\/td>\n<td>**<\/td>\n<td>Back to the Begin.<\/td>\n<td>Bauernschm. G-W.<\/td>\n<td>S\u00fcden<\/td>\n<td>Einstiegsboulder, pumpige L\u00f6cherwand<\/td>\n<\/tr>\n<tr>\n<td>8-<\/td>\n<td>***<\/td>\n<td><font style=\"color:#FF0000\">Geierwalli<\/font><\/td>\n<td>Geierwand<\/td>\n<td>S\u00fcden<\/td>\n<td>\u00dcberhangsboulder, 2-Finger-L\u00f6cher<\/td>\n<\/tr>\n<tr>\n<td><\/td>\n<td>**<\/td>\n<td>Cesar\u2019s Palace<\/td>\n<td>Amerik. Botschaft<\/td>\n<td>Osten<\/td>\n<td>weite, kr\u00e4ftige Z\u00fcge, 5m Boulder<\/td>\n<\/tr>\n<tr>\n<td><\/td>\n<td>**<\/td>\n<td>Agent Orange<\/td>\n<td>Amerik. Botschaft<\/td>\n<td>S\u00fcden<\/td>\n<td>senkrecht, technisch, kleingriffig<\/td>\n<\/tr>\n<tr>\n<td>7+<\/td>\n<td>***<\/td>\n<td>Saus und Braus<\/td>\n<td>Klinge<\/td>\n<td>Osten<\/td>\n<td>kr\u00e4ftig, senkrecht, bauchig<\/td>\n<\/tr>\n<tr>\n<td><\/td>\n<td>**<\/td>\n<td>B\u00e4rway to Heaven<\/td>\n<td>Klinge<\/td>\n<td>Osten<\/td>\n<td>kr\u00e4ftig, senkrecht, bauchig<\/td>\n<\/tr>\n<tr>\n<td><\/td>\n<td>**<\/td>\n<td>Westwand<\/td>\n<td>Steinfelder Turm<\/td>\n<td>Westen<\/td>\n<td>sehr vielseitig, geneigt<\/td>\n<\/tr>\n<tr>\n<td><\/td>\n<td>**<\/td>\n<td><font style=\"color:#FF0000\">Krise<\/font><\/td>\n<td>Bauernschm. G-W.<\/td>\n<td>S\u00fcden<\/td>\n<td>\u00fcberh\u00e4ngende Henkelparade<\/td>\n<\/tr>\n<tr>\n<td>7<\/td>\n<td>***<\/td>\n<td>Basic Instinct<\/td>\n<td>Klinge<\/td>\n<td>Osten<\/td>\n<td>senkrecht, technisch, vielseitig<\/td>\n<\/tr>\n<tr>\n<td><\/td>\n<td>*<\/td>\n<td><font style=\"color:#FF0000\">Nordwestkante<\/font><\/td>\n<td>Steinfelder Turm<\/td>\n<td>Norden<\/td>\n<td>kraftvoll, teils \u00fcberh\u00e4ngend<\/td>\n<\/tr>\n<tr>\n<td><\/td>\n<td>*<\/td>\n<td>Direkter Einstieg<\/td>\n<td>Steinfelder Turm<\/td>\n<td>Norden<\/td>\n<td>senkrechte Kletterei, kurz<\/td>\n<\/tr>\n<tr>\n<td><\/td>\n<td>*<\/td>\n<td>Bushtrommel<\/td>\n<td>Amerik. Botschaft<\/td>\n<td>S\u00fcden<\/td>\n<td>alpiner Hauch, schwerer Bauch<\/td>\n<\/tr>\n<tr>\n<td>7-<\/td>\n<td>*<\/td>\n<td>Direkter FFB Weg<\/td>\n<td>Rote Wand<\/td>\n<td>Westen<\/td>\n<td>Verschneidung, Piaz-Riss<\/td>\n<\/tr>\n<\/tbody>\n<\/table>\n","protected":false},"excerpt":{"rendered":"<p>Rot = sehr steil \/ \u00fcberh\u00e4ngend \/ Dach Blau = Rotpunkt offen Grad Route Fels Typ 9- ** Nicklas Geheimaktion Norden senkrecht, L\u00f6cher, Leisten 8+\/9- *** Tower of Power Glatte Wand S\u00fcden lang, senkrecht, pumpig *** Erazerhead Bleisteine Norden senkrecht, harte Crux oben 8+ *** Schildkr\u00f6te Streitberger Schild S\u00fcden lang, senkrecht, Ausdauer, Technik *** Jim [&hellip;]<\/p>\n","protected":false},"author":1,"featured_media":0,"parent":0,"menu_order":4,"comment_status":"open","ping_status":"closed","template":"","meta":{"ngg_post_thumbnail":0},"_links":{"self":[{"href":"http:\/\/nureinkleinesklettertagebuch.de\/index.php?rest_route=\/wp\/v2\/pages\/2197"}],"collection":[{"href":"http:\/\/nureinkleinesklettertagebuch.de\/index.php?rest_route=\/wp\/v2\/pages"}],"about":[{"href":"http:\/\/nureinkleinesklettertagebuch.de\/index.php?rest_route=\/wp\/v2\/types\/page"}],"author":[{"embeddable":true,"href":"http:\/\/nureinkleinesklettertagebuch.de\/index.php?rest_route=\/wp\/v2\/users\/1"}],"replies":[{"embeddable":true,"href":"http:\/\/nureinkleinesklettertagebuch.de\/index.php?rest_route=%2Fwp%2Fv2%2Fcomments&post=2197"}],"version-history":[{"count":34,"href":"http:\/\/nureinkleinesklettertagebuch.de\/index.php?rest_route=\/wp\/v2\/pages\/2197\/revisions"}],"predecessor-version":[{"id":6025,"href":"http:\/\/nureinkleinesklettertagebuch.de\/index.php?rest_route=\/wp\/v2\/pages\/2197\/revisions\/6025"}],"wp:attachment":[{"href":"http:\/\/nureinkleinesklettertagebuch.de\/index.php?rest_route=%2Fwp%2Fv2%2Fmedia&parent=2197"}],"curies":[{"name":"wp","href":"https:\/\/api.w.org\/{rel}","templated":true}]}}