{"id":10,"date":"2015-03-09T00:00:49","date_gmt":"2015-03-08T23:00:49","guid":{"rendered":"http:\/\/nureinkleinesklettertagebuch.de\/?page_id=10"},"modified":"2017-03-29T10:48:26","modified_gmt":"2017-03-29T08:48:26","slug":"ueber-mich","status":"publish","type":"page","link":"http:\/\/nureinkleinesklettertagebuch.de\/?page_id=10","title":{"rendered":"\u00dcber&#8230;"},"content":{"rendered":"<blockquote><p>You know, when you get old in life, things get taken from you. I mean, &#8230; that&#8217;s a part of life. But, you only learn that when you start losin&#8216; stuff.<\/p><\/blockquote>\n<p>Sehr viel Wahrheit, die doch jeden von uns betrifft. Beeinflusst von den verschiedensten Umst\u00e4nden stellen wir an einem Punkt fest, dass irgendetwas \u00fcber die Jahre auf der Strecke geblieben ist. Mich traf diese Erkenntnis gegen Ende des Jahres 2013 aus heiterem Himmel. Auf einmal bin ich 31 Jahre alt, die Tage gehen so dahin und zu viel Speck sitzt auch noch auf den H\u00fcften. Bin ich das? Fehlt mir etwas?<\/p>\n<p>Rein zuf\u00e4llig nahm mich ein guter Freund eines Tages mit zum Bouldern, das war im Februar 2014. Sofort machte es klick, das ist es!<\/p>\n<p>Bouldern und Klettern brachten mir einen Teil meines Lebens zur\u00fcck, der mich Jahre pr\u00e4gte und den ich schlichtweg tats\u00e4chlich verloren hatte. Die Leidenschaft f\u00fcr Sport und Bewegung. Das Setzen und Erreichen von Zielen. Das Eintauchen in die Sch\u00f6nheit der Natur sowie das entschleunigte Genie\u00dfen eines warmen Sonnentages. Dar\u00fcberhinaus neue Erlebnisse und Freundschaften, Teamgeist, Respekt und vieles mehr!<\/p>\n<p>Aus purer Lust und Laune schreibe ich fortan dieses kleine Klettertagebuch.<\/p>\n<p><a title=\"Meine 8a.nu Scorecard\" href=\"http:\/\/www.8a.nu\/user\/Profile.aspx?UserId=58525\" target=\"_blank\">Meine 8a.nu Scorecard<\/a> &nbsp;&nbsp;&nbsp;&nbsp;&nbsp;\/&nbsp;&nbsp;&nbsp;&nbsp;&nbsp; <a title=\"Facebook\" href=\"http:\/\/facebook.com\/godawba\" target=\"_blank\">Facebook<\/a>&nbsp;&nbsp;&nbsp;&nbsp;&nbsp;\/&nbsp;&nbsp;&nbsp;&nbsp;&nbsp; <a title=\"Youtube\" href=\"https:\/\/www.youtube.com\/channel\/UCcGlWNJeIxECRosCV1cXVKw\" target=\"_blank\">Youtube<\/a><\/p>\n<p>Sternchen \/ Empfehlungen<\/p>\n<table>\n<tbody>\n<td>*<\/td>\n<td>lohnt sich, bitte einsteigen<\/td>\n<\/tr>\n<tr>\n<td>**<\/td>\n<td>nicht entgehen lassen, unbeding einsteigen<\/td>\n<\/tr>\n<tr>\n<td>***<\/td>\n<td>dick und fett markieren -> machen!<\/td>\n<\/tr>\n<\/tbody>\n<\/table>\n","protected":false},"excerpt":{"rendered":"<p>You know, when you get old in life, things get taken from you. I mean, &#8230; that&#8217;s a part of life. But, you only learn that when you start losin&#8216; stuff. Sehr viel Wahrheit, die doch jeden von uns betrifft. Beeinflusst von den verschiedensten Umst\u00e4nden stellen wir an einem Punkt fest, dass irgendetwas \u00fcber die [&hellip;]<\/p>\n","protected":false},"author":1,"featured_media":0,"parent":0,"menu_order":1,"comment_status":"open","ping_status":"closed","template":"","meta":{"ngg_post_thumbnail":0},"_links":{"self":[{"href":"http:\/\/nureinkleinesklettertagebuch.de\/index.php?rest_route=\/wp\/v2\/pages\/10"}],"collection":[{"href":"http:\/\/nureinkleinesklettertagebuch.de\/index.php?rest_route=\/wp\/v2\/pages"}],"about":[{"href":"http:\/\/nureinkleinesklettertagebuch.de\/index.php?rest_route=\/wp\/v2\/types\/page"}],"author":[{"embeddable":true,"href":"http:\/\/nureinkleinesklettertagebuch.de\/index.php?rest_route=\/wp\/v2\/users\/1"}],"replies":[{"embeddable":true,"href":"http:\/\/nureinkleinesklettertagebuch.de\/index.php?rest_route=%2Fwp%2Fv2%2Fcomments&post=10"}],"version-history":[{"count":52,"href":"http:\/\/nureinkleinesklettertagebuch.de\/index.php?rest_route=\/wp\/v2\/pages\/10\/revisions"}],"predecessor-version":[{"id":1959,"href":"http:\/\/nureinkleinesklettertagebuch.de\/index.php?rest_route=\/wp\/v2\/pages\/10\/revisions\/1959"}],"wp:attachment":[{"href":"http:\/\/nureinkleinesklettertagebuch.de\/index.php?rest_route=%2Fwp%2Fv2%2Fmedia&parent=10"}],"curies":[{"name":"wp","href":"https:\/\/api.w.org\/{rel}","templated":true}]}}